{"id":6,"date":"2019-09-04T14:57:00","date_gmt":"2019-09-04T14:57:00","guid":{"rendered":"https:\/\/gomointeriorismo.com\/?p=6"},"modified":"2024-04-24T10:30:56","modified_gmt":"2024-04-24T08:30:56","slug":"servicios","status":"publish","type":"page","link":"https:\/\/gomointeriorismo.com\/en\/servicios\/","title":{"rendered":"Services"},"content":{"rendered":"<h1>Services<\/h1>\n<div>Descubre lo que podemos hacer por tu hogar o tu negocio<span class=\"uk-text-primary\">.<\/span><\/div>\n<h2>Reformas de hogar<\/h2>\n<div>Eleva el estilo y la funcionalidad de tu espacio con nuestras soluciones personalizadas de reformas e interiorismo. En Gomo Interiorismo, combinamos dise\u00f1o innovador y artesan\u00eda experta para crear ambientes que reflejan tu personalidad y mejoran tu calidad de vida. D\u00e9janos convertir tus ideas en una realidad impresionante.<\/div>\n<p>\n    <a href=\"\/en\/reforma-hogar\/\">Descubre m\u00e1s<\/a>\n<\/p>\n<h2>Reforms of commercial premises<\/h2>\n<div>Lorem ipsum dolor sit amet, consectetuer adipiscing elit. Aenean commodo ligula eget dolor. Aenean massa. Cum sociis natoque penatibus et magnis dis parturient montes nascetur ridiculus mus.\n<\/div>\n<p>\n    <a href=\"\/en\/reforma-local-comercial\/\">Descubre m\u00e1s<\/a>\n<\/p>\n<h2>Cocinas<\/h2>\n<div>Lorem ipsum dolor sit amet, consectetuer adipiscing elit. Aenean commodo ligula eget dolor. Aenean massa. Cum sociis natoque penatibus et magnis dis parturient montes nascetur ridiculus mus.\n<\/div>\n<p>\n    <a href=\"\/en\/reforma-cocinas\/\">Descubre m\u00e1s<\/a>\n<\/p>\n<h2>Ba\u00f1os<\/h2>\n<div>Lorem ipsum dolor sit amet, consectetuer adipiscing elit. Aenean commodo ligula eget dolor. Aenean massa. Cum sociis natoque penatibus et magnis dis parturient montes nascetur ridiculus mus.\n<\/div>\n<p>\n    <a href=\"\/en\/reforma-banos\/\">Descubre m\u00e1s<\/a>\n<\/p>\n<h2>Suelos<\/h2>\n<div>Lorem ipsum dolor sit amet, consectetuer adipiscing elit. Aenean commodo ligula eget dolor. Aenean massa. Cum sociis natoque penatibus et magnis dis parturient montes nascetur ridiculus mus.\n<\/div>\n<p>\n    <a href=\"\/en\/reforma-suelos\/\">Descubre m\u00e1s<\/a>\n<\/p>\n<h2>Window replacement<\/h2>\n<div>Lorem ipsum dolor sit amet, consectetuer adipiscing elit. Aenean commodo ligula eget dolor. Aenean massa. Cum sociis natoque penatibus et magnis dis parturient montes nascetur ridiculus mus.\n<\/div>\n<p>\n    <a href=\"\/en\/cambio-de-ventanas\/\">Descubre m\u00e1s<\/a>\n<\/p>\n<h2>Built-in closets<\/h2>\n<div>Lorem ipsum dolor sit amet, consectetuer adipiscing elit. Aenean commodo ligula eget dolor. Aenean massa. Cum sociis natoque penatibus et magnis dis parturient montes nascetur ridiculus mus.\n<\/div>\n<p>\n    <a href=\"\/en\/reforma-armarios-empotrados\/\">Descubre m\u00e1s<\/a>\n<\/p>\n<div>\n<\/div>\n<p><!--more--><br \/>\n<!-- {\"name\":\"Services\",\"type\":\"layout\",\"children\":[{\"name\":\"Residences\",\"type\":\"section\",\"props\":{\"animation\":\"slide-left-small\",\"animation_delay\":false,\"image_position\":\"top-center\",\"padding\":\"xlarge\",\"padding_remove_top\":false,\"style\":\"default\",\"title_breakpoint\":\"xl\",\"title_position\":\"top-left\",\"title_rotation\":\"left\",\"vertical_align\":\"middle\",\"width\":\"xlarge\"},\"children\":[{\"type\":\"row\",\"props\":{\"margin\":\"xlarge\",\"margin_remove_top\":true,\"width\":\"small\"},\"children\":[{\"type\":\"column\",\"props\":{\"image_position\":\"center-center\",\"position_sticky_breakpoint\":\"m\",\"width_medium\":\"1-1\"},\"children\":[{\"type\":\"headline\",\"props\":{\"content\":\"Servicios\",\"margin_remove_bottom\":false,\"margin_remove_top\":false,\"title_color\":\"primary\",\"title_element\":\"h1\",\"title_style\":\"h6\"}},{\"type\":\"headline\",\"props\":{\"content\":\"Descubre lo que podemos hacer por tu hogar o tu negocio<span class=\\\"uk-text-primary\\\">.<\\\/span>\",\"margin_remove_top\":true,\"maxwidth\":\"2xlarge\",\"title_element\":\"div\",\"title_style\":\"h1\"}}]}]},{\"type\":\"row\",\"props\":{\"column_gap\":\"collapse\",\"layout\":\"1-2,1-2\",\"margin\":\"xlarge\",\"match\":false,\"row_gap\":\"collapse\",\"vertical_align\":false},\"children\":[{\"type\":\"column\",\"props\":{\"css\":\".el-column {\\n\\tmin-height: 500px;\\n}\",\"image\":\"wp-content\\\/uploads\\\/apartamento_luminoso.jpg\",\"image_height\":\"910\",\"image_loading\":true,\"image_position\":\"center-center\",\"image_size\":\"cover\",\"image_width\":\"910\",\"position_sticky_breakpoint\":\"m\",\"width_large\":\"1-2\"}},{\"type\":\"column\",\"props\":{\"image\":\"wp-content\\\/uploads\\\/yootheme\\\/residences-bg.svg\",\"image_height\":\"910\",\"image_position\":\"center-center\",\"image_size\":\"cover\",\"image_width\":\"1300\",\"padding\":\"large\",\"position_sticky_breakpoint\":\"m\",\"style\":\"tile-muted\",\"width_large\":\"1-2\"},\"children\":[{\"type\":\"headline\",\"props\":{\"block_align\":\"center\",\"content\":\"Reformas de hogar\",\"maxwidth\":\"large\",\"title_element\":\"h2\"}},{\"type\":\"text\",\"props\":{\"block_align\":\"center\",\"column_breakpoint\":\"m\",\"content\":\"Eleva el estilo y la funcionalidad de tu espacio con nuestras soluciones personalizadas de reformas e interiorismo. En Gomo Interiorismo, combinamos dise\\u00f1o innovador y artesan\\u00eda experta para crear ambientes que reflejan tu personalidad y mejoran tu calidad de vida. D\\u00e9janos convertir tus ideas en una realidad impresionante.\",\"margin\":\"\",\"maxwidth\":\"large\"}},{\"type\":\"button\",\"props\":{\"block_align\":\"center\",\"fullwidth\":false,\"grid_column_gap\":\"small\",\"grid_row_gap\":\"small\",\"margin\":\"medium\",\"maxwidth\":\"large\"},\"children\":[{\"type\":\"button_item\",\"props\":{\"button_style\":\"primary\",\"content\":\"Descubre m\\u00e1s\",\"icon_align\":\"left\",\"link\":\"reforma-hogar\\\/\"}}]}]}]},{\"type\":\"row\",\"props\":{\"column_gap\":\"collapse\",\"layout\":\"1-2,1-2\",\"margin\":\"xlarge\",\"match\":false,\"row_gap\":\"collapse\",\"vertical_align\":false},\"children\":[{\"type\":\"column\",\"props\":{\"css\":\".el-column {\\n\\tmin-height: 500px;\\n}\",\"image\":\"wp-content\\\/uploads\\\/local_comercial.jpg\",\"image_position\":\"center-center\",\"image_size\":\"cover\",\"position_sticky_breakpoint\":\"m\",\"width_large\":\"1-2\"}},{\"type\":\"column\",\"props\":{\"image\":\"wp-content\\\/uploads\\\/yootheme\\\/residences-bg.svg\",\"image_height\":\"910\",\"image_position\":\"center-center\",\"image_size\":\"cover\",\"image_width\":\"1300\",\"order_first\":\"l\",\"padding\":\"large\",\"position_sticky_breakpoint\":\"m\",\"style\":\"tile-muted\",\"width_large\":\"1-2\"},\"children\":[{\"type\":\"headline\",\"props\":{\"block_align\":\"center\",\"content\":\"Reformas de locales comerciales\",\"maxwidth\":\"large\",\"title_element\":\"h2\"}},{\"type\":\"text\",\"props\":{\"block_align\":\"center\",\"column_breakpoint\":\"m\",\"content\":\"Lorem ipsum dolor sit amet, consectetuer adipiscing elit. Aenean commodo ligula eget dolor. Aenean massa. Cum sociis natoque penatibus et magnis dis parturient montes nascetur ridiculus mus.\\n\",\"margin\":\"\",\"maxwidth\":\"large\"}},{\"type\":\"button\",\"props\":{\"block_align\":\"center\",\"fullwidth\":false,\"grid_column_gap\":\"small\",\"grid_row_gap\":\"small\",\"margin\":\"medium\",\"maxwidth\":\"large\"},\"children\":[{\"type\":\"button_item\",\"props\":{\"button_style\":\"primary\",\"content\":\"Descubre m\\u00e1s\",\"icon_align\":\"left\",\"link\":\"reforma-local-comercial\\\/\"}}]}]}]},{\"type\":\"row\",\"props\":{\"column_gap\":\"collapse\",\"layout\":\"1-2,1-2\",\"margin\":\"xlarge\",\"match\":false,\"row_gap\":\"collapse\",\"vertical_align\":false},\"children\":[{\"type\":\"column\",\"props\":{\"css\":\".el-column {\\n\\tmin-height: 500px;\\n}\",\"image\":\"wp-content\\\/uploads\\\/cocina_moderna.jpg\",\"image_position\":\"center-center\",\"image_size\":\"cover\",\"position_sticky_breakpoint\":\"m\",\"width_large\":\"1-2\"}},{\"type\":\"column\",\"props\":{\"image\":\"wp-content\\\/uploads\\\/yootheme\\\/residences-bg.svg\",\"image_height\":\"910\",\"image_position\":\"center-center\",\"image_size\":\"cover\",\"image_width\":\"1300\",\"padding\":\"large\",\"position_sticky_breakpoint\":\"m\",\"style\":\"tile-muted\",\"width_large\":\"1-2\"},\"children\":[{\"type\":\"headline\",\"props\":{\"block_align\":\"center\",\"content\":\"Cocinas\",\"maxwidth\":\"large\",\"title_element\":\"h2\"}},{\"type\":\"text\",\"props\":{\"block_align\":\"center\",\"column_breakpoint\":\"m\",\"content\":\"Lorem ipsum dolor sit amet, consectetuer adipiscing elit. Aenean commodo ligula eget dolor. Aenean massa. Cum sociis natoque penatibus et magnis dis parturient montes nascetur ridiculus mus.\\n\",\"margin\":\"\",\"maxwidth\":\"large\"}},{\"type\":\"button\",\"props\":{\"block_align\":\"center\",\"fullwidth\":false,\"grid_column_gap\":\"small\",\"grid_row_gap\":\"small\",\"margin\":\"medium\",\"maxwidth\":\"large\"},\"children\":[{\"type\":\"button_item\",\"props\":{\"button_style\":\"primary\",\"content\":\"Descubre m\\u00e1s\",\"icon_align\":\"left\",\"link\":\"reforma-cocinas\\\/\"}}]}]}]},{\"type\":\"row\",\"props\":{\"column_gap\":\"collapse\",\"layout\":\"1-2,1-2\",\"margin\":\"xlarge\",\"match\":false,\"row_gap\":\"collapse\",\"vertical_align\":false},\"children\":[{\"type\":\"column\",\"props\":{\"css\":\".el-column {\\n\\tmin-height: 500px;\\n}\",\"image\":\"wp-content\\\/uploads\\\/cuarto_de_bano.jpg\",\"image_position\":\"center-center\",\"image_size\":\"cover\",\"position_sticky_breakpoint\":\"m\",\"width_large\":\"1-2\"}},{\"type\":\"column\",\"props\":{\"image\":\"wp-content\\\/uploads\\\/yootheme\\\/residences-bg.svg\",\"image_height\":\"910\",\"image_position\":\"center-center\",\"image_size\":\"cover\",\"image_width\":\"1300\",\"order_first\":\"l\",\"padding\":\"large\",\"position_sticky_breakpoint\":\"m\",\"style\":\"tile-muted\",\"width_large\":\"1-2\"},\"children\":[{\"type\":\"headline\",\"props\":{\"block_align\":\"center\",\"content\":\"Ba\\u00f1os\",\"maxwidth\":\"large\",\"title_element\":\"h2\"}},{\"type\":\"text\",\"props\":{\"block_align\":\"center\",\"column_breakpoint\":\"m\",\"content\":\"Lorem ipsum dolor sit amet, consectetuer adipiscing elit. Aenean commodo ligula eget dolor. Aenean massa. Cum sociis natoque penatibus et magnis dis parturient montes nascetur ridiculus mus.\\n\",\"margin\":\"\",\"maxwidth\":\"large\"}},{\"type\":\"button\",\"props\":{\"block_align\":\"center\",\"fullwidth\":false,\"grid_column_gap\":\"small\",\"grid_row_gap\":\"small\",\"margin\":\"medium\",\"maxwidth\":\"large\"},\"children\":[{\"type\":\"button_item\",\"props\":{\"button_style\":\"primary\",\"content\":\"Descubre m\\u00e1s\",\"icon_align\":\"left\",\"link\":\"reforma-banos\\\/\"}}]}]}]},{\"type\":\"row\",\"props\":{\"column_gap\":\"collapse\",\"layout\":\"1-2,1-2\",\"margin\":\"xlarge\",\"match\":false,\"row_gap\":\"collapse\",\"vertical_align\":false},\"children\":[{\"type\":\"column\",\"props\":{\"css\":\".el-column {\\n\\tmin-height: 500px;\\n}\",\"image\":\"wp-content\\\/uploads\\\/suelos.jpg\",\"image_position\":\"center-center\",\"image_size\":\"cover\",\"position_sticky_breakpoint\":\"m\",\"width_large\":\"1-2\"}},{\"type\":\"column\",\"props\":{\"image\":\"wp-content\\\/uploads\\\/yootheme\\\/residences-bg.svg\",\"image_height\":\"910\",\"image_position\":\"center-center\",\"image_size\":\"cover\",\"image_width\":\"1300\",\"padding\":\"large\",\"position_sticky_breakpoint\":\"m\",\"style\":\"tile-muted\",\"width_large\":\"1-2\"},\"children\":[{\"type\":\"headline\",\"props\":{\"block_align\":\"center\",\"content\":\"Suelos\",\"maxwidth\":\"large\",\"title_element\":\"h2\"}},{\"type\":\"text\",\"props\":{\"block_align\":\"center\",\"column_breakpoint\":\"m\",\"content\":\"Lorem ipsum dolor sit amet, consectetuer adipiscing elit. Aenean commodo ligula eget dolor. Aenean massa. Cum sociis natoque penatibus et magnis dis parturient montes nascetur ridiculus mus.\\n\",\"margin\":\"\",\"maxwidth\":\"large\"}},{\"type\":\"button\",\"props\":{\"block_align\":\"center\",\"fullwidth\":false,\"grid_column_gap\":\"small\",\"grid_row_gap\":\"small\",\"margin\":\"medium\",\"maxwidth\":\"large\"},\"children\":[{\"type\":\"button_item\",\"props\":{\"button_style\":\"primary\",\"content\":\"Descubre m\\u00e1s\",\"icon_align\":\"left\",\"link\":\"reforma-suelos\\\/\"}}]}]}]},{\"type\":\"row\",\"props\":{\"column_gap\":\"collapse\",\"layout\":\"1-2,1-2\",\"margin\":\"xlarge\",\"match\":false,\"row_gap\":\"collapse\",\"vertical_align\":false},\"children\":[{\"type\":\"column\",\"props\":{\"css\":\".el-column {\\n\\tmin-height: 500px;\\n}\",\"image\":\"wp-content\\\/uploads\\\/suite.jpg\",\"image_position\":\"center-center\",\"image_size\":\"cover\",\"position_sticky_breakpoint\":\"m\",\"width_large\":\"1-2\"}},{\"type\":\"column\",\"props\":{\"image\":\"wp-content\\\/uploads\\\/yootheme\\\/residences-bg.svg\",\"image_height\":\"910\",\"image_position\":\"center-center\",\"image_size\":\"cover\",\"image_width\":\"1300\",\"order_first\":\"l\",\"padding\":\"large\",\"position_sticky_breakpoint\":\"m\",\"style\":\"tile-muted\",\"width_large\":\"1-2\"},\"children\":[{\"type\":\"headline\",\"props\":{\"block_align\":\"center\",\"content\":\"Cambio de ventanas\",\"maxwidth\":\"large\",\"title_element\":\"h2\"}},{\"type\":\"text\",\"props\":{\"block_align\":\"center\",\"column_breakpoint\":\"m\",\"content\":\"Lorem ipsum dolor sit amet, consectetuer adipiscing elit. Aenean commodo ligula eget dolor. Aenean massa. Cum sociis natoque penatibus et magnis dis parturient montes nascetur ridiculus mus.\\n\",\"margin\":\"\",\"maxwidth\":\"large\"}},{\"type\":\"button\",\"props\":{\"block_align\":\"center\",\"fullwidth\":false,\"grid_column_gap\":\"small\",\"grid_row_gap\":\"small\",\"margin\":\"medium\",\"maxwidth\":\"large\"},\"children\":[{\"type\":\"button_item\",\"props\":{\"button_style\":\"primary\",\"content\":\"Descubre m\\u00e1s\",\"icon_align\":\"left\",\"link\":\"cambio-de-ventanas\\\/\"}}]}]}]},{\"type\":\"row\",\"props\":{\"column_gap\":\"collapse\",\"layout\":\"1-2,1-2\",\"margin\":\"xlarge\",\"match\":false,\"row_gap\":\"collapse\",\"vertical_align\":false},\"children\":[{\"type\":\"column\",\"props\":{\"css\":\".el-column {\\n\\tmin-height: 500px;\\n}\",\"image\":\"wp-content\\\/uploads\\\/armario_empotrado.jpg\",\"image_position\":\"center-center\",\"image_size\":\"cover\",\"position_sticky_breakpoint\":\"m\",\"width_large\":\"1-2\"}},{\"type\":\"column\",\"props\":{\"image\":\"wp-content\\\/uploads\\\/yootheme\\\/residences-bg.svg\",\"image_height\":\"910\",\"image_position\":\"center-center\",\"image_size\":\"cover\",\"image_width\":\"1300\",\"padding\":\"large\",\"position_sticky_breakpoint\":\"m\",\"style\":\"tile-muted\",\"width_large\":\"1-2\"},\"children\":[{\"type\":\"headline\",\"props\":{\"block_align\":\"center\",\"content\":\"Armarios empotrados\",\"maxwidth\":\"large\",\"title_element\":\"h2\"}},{\"type\":\"text\",\"props\":{\"block_align\":\"center\",\"column_breakpoint\":\"m\",\"content\":\"Lorem ipsum dolor sit amet, consectetuer adipiscing elit. Aenean commodo ligula eget dolor. Aenean massa. Cum sociis natoque penatibus et magnis dis parturient montes nascetur ridiculus mus.\\n\",\"margin\":\"\",\"maxwidth\":\"large\"}},{\"type\":\"button\",\"props\":{\"block_align\":\"center\",\"fullwidth\":false,\"grid_column_gap\":\"small\",\"grid_row_gap\":\"small\",\"margin\":\"medium\",\"maxwidth\":\"large\"},\"children\":[{\"type\":\"button_item\",\"props\":{\"button_style\":\"primary\",\"content\":\"Descubre m\\u00e1s\",\"icon_align\":\"left\",\"link\":\"reforma-armarios-empotrados\\\/\"}}]}]}]},{\"type\":\"row\",\"props\":{\"column_gap\":\"collapse\",\"margin\":\"xlarge\",\"match\":false,\"row_gap\":\"collapse\",\"vertical_align\":false},\"children\":[{\"type\":\"column\",\"props\":{\"css\":\".el-column {\\n\\tmin-height: 500px;\\n}\",\"image_height\":\"910\",\"image_position\":\"center-center\",\"image_size\":\"cover\",\"image_width\":\"1300\",\"position_sticky_breakpoint\":\"m\",\"style\":\"card-default\"},\"children\":[{\"name\":\"Listados servicios\",\"type\":\"list\",\"children\":[{\"type\":\"list_item\",\"source\":{\"query\":{\"name\":\"servicios.customServicios\",\"arguments\":{\"users\":[],\"users_operator\":\"IN\",\"offset\":0,\"limit\":100,\"order\":\"menu_order\",\"order_direction\":\"DESC\"}},\"props\":{\"content\":{\"filters\":{\"search\":\"\"},\"name\":\"title\"}}}}],\"props\":{\"column\":\"1-2\",\"column_breakpoint\":\"m\",\"html_element\":false,\"icon\":\"check\",\"icon_color\":\"primary\",\"image\":true,\"image_align\":\"left\",\"image_svg_color\":\"emphasis\",\"image_vertical_align\":false,\"list_element\":\"ul\",\"list_horizontal_separator\":\", \",\"list_type\":\"vertical\",\"margin\":\"default\",\"show_image\":true,\"show_link\":true}}]}]}]}],\"version\":\"4.3.12\"} --><\/p>","protected":false},"excerpt":{"rendered":"<p>Servicios Descubre lo que podemos hacer por tu hogar o tu negocio. Reformas de hogar Eleva el estilo y la funcionalidad de tu espacio con nuestras soluciones personalizadas de reformas e interiorismo. En Gomo Interiorismo, combinamos dise\u00f1o innovador y artesan\u00eda experta para crear ambientes que reflejan tu personalidad y mejoran tu calidad de vida. D\u00e9janos [&hellip;]<\/p>","protected":false},"author":1,"featured_media":0,"parent":0,"menu_order":10,"comment_status":"open","ping_status":"closed","template":"","meta":{"_acf_changed":false,"footnotes":""},"class_list":["post-6","page","type-page","status-publish","hentry"],"acf":[],"yoast_head":"<!-- This site is optimized with the Yoast SEO plugin v25.7 - https:\/\/yoast.com\/wordpress\/plugins\/seo\/ -->\n<title>Servicios - GOMO Interiorismo<\/title>\n<meta name=\"robots\" content=\"index, follow, max-snippet:-1, max-image-preview:large, max-video-preview:-1\" \/>\n<link rel=\"canonical\" href=\"https:\/\/gomointeriorismo.com\/en\/servicios\/\" \/>\n<meta property=\"og:locale\" content=\"en_US\" \/>\n<meta property=\"og:type\" content=\"article\" \/>\n<meta property=\"og:title\" content=\"Servicios - GOMO Interiorismo\" \/>\n<meta property=\"og:description\" content=\"Servicios Descubre lo que podemos hacer por tu hogar o tu negocio. Reformas de hogar Eleva el estilo y la funcionalidad de tu espacio con nuestras soluciones personalizadas de reformas e interiorismo. En Gomo Interiorismo, combinamos dise\u00f1o innovador y artesan\u00eda experta para crear ambientes que reflejan tu personalidad y mejoran tu calidad de vida. D\u00e9janos [&hellip;]\" \/>\n<meta property=\"og:url\" content=\"https:\/\/gomointeriorismo.com\/en\/servicios\/\" \/>\n<meta property=\"og:site_name\" content=\"GOMO Interiorismo\" \/>\n<meta property=\"article:modified_time\" content=\"2024-04-24T08:30:56+00:00\" \/>\n<meta name=\"twitter:card\" content=\"summary_large_image\" \/>\n<meta name=\"twitter:label1\" content=\"Est. reading time\" \/>\n\t<meta name=\"twitter:data1\" content=\"1 minute\" \/>\n<script type=\"application\/ld+json\" class=\"yoast-schema-graph\">{\"@context\":\"https:\/\/schema.org\",\"@graph\":[{\"@type\":\"WebPage\",\"@id\":\"https:\/\/gomointeriorismo.com\/servicios\/\",\"url\":\"https:\/\/gomointeriorismo.com\/servicios\/\",\"name\":\"Servicios - GOMO Interiorismo\",\"isPartOf\":{\"@id\":\"https:\/\/gomointeriorismo.com\/#website\"},\"datePublished\":\"2019-09-04T14:57:00+00:00\",\"dateModified\":\"2024-04-24T08:30:56+00:00\",\"breadcrumb\":{\"@id\":\"https:\/\/gomointeriorismo.com\/servicios\/#breadcrumb\"},\"inLanguage\":\"en-US\",\"potentialAction\":[{\"@type\":\"ReadAction\",\"target\":[\"https:\/\/gomointeriorismo.com\/servicios\/\"]}]},{\"@type\":\"BreadcrumbList\",\"@id\":\"https:\/\/gomointeriorismo.com\/servicios\/#breadcrumb\",\"itemListElement\":[{\"@type\":\"ListItem\",\"position\":1,\"name\":\"Portada\",\"item\":\"https:\/\/gomointeriorismo.com\/\"},{\"@type\":\"ListItem\",\"position\":2,\"name\":\"Servicios\"}]},{\"@type\":\"WebSite\",\"@id\":\"https:\/\/gomointeriorismo.com\/#website\",\"url\":\"https:\/\/gomointeriorismo.com\/\",\"name\":\"GOMO Interiorismo\",\"description\":\"\",\"publisher\":{\"@id\":\"https:\/\/gomointeriorismo.com\/#organization\"},\"potentialAction\":[{\"@type\":\"SearchAction\",\"target\":{\"@type\":\"EntryPoint\",\"urlTemplate\":\"https:\/\/gomointeriorismo.com\/?s={search_term_string}\"},\"query-input\":{\"@type\":\"PropertyValueSpecification\",\"valueRequired\":true,\"valueName\":\"search_term_string\"}}],\"inLanguage\":\"en-US\"},{\"@type\":\"Organization\",\"@id\":\"https:\/\/gomointeriorismo.com\/#organization\",\"name\":\"GOMO Interiorismo\",\"url\":\"https:\/\/gomointeriorismo.com\/\",\"logo\":{\"@type\":\"ImageObject\",\"inLanguage\":\"en-US\",\"@id\":\"https:\/\/gomointeriorismo.com\/#\/schema\/logo\/image\/\",\"url\":\"https:\/\/gomointeriorismo.com\/wp-content\/uploads\/apple-touch-icon.png\",\"contentUrl\":\"https:\/\/gomointeriorismo.com\/wp-content\/uploads\/apple-touch-icon.png\",\"width\":180,\"height\":180,\"caption\":\"GOMO Interiorismo\"},\"image\":{\"@id\":\"https:\/\/gomointeriorismo.com\/#\/schema\/logo\/image\/\"}}]}<\/script>\n<!-- \/ Yoast SEO plugin. -->","yoast_head_json":{"title":"Servicios - GOMO Interiorismo","robots":{"index":"index","follow":"follow","max-snippet":"max-snippet:-1","max-image-preview":"max-image-preview:large","max-video-preview":"max-video-preview:-1"},"canonical":"https:\/\/gomointeriorismo.com\/en\/servicios\/","og_locale":"en_US","og_type":"article","og_title":"Servicios - GOMO Interiorismo","og_description":"Servicios Descubre lo que podemos hacer por tu hogar o tu negocio. Reformas de hogar Eleva el estilo y la funcionalidad de tu espacio con nuestras soluciones personalizadas de reformas e interiorismo. En Gomo Interiorismo, combinamos dise\u00f1o innovador y artesan\u00eda experta para crear ambientes que reflejan tu personalidad y mejoran tu calidad de vida. D\u00e9janos [&hellip;]","og_url":"https:\/\/gomointeriorismo.com\/en\/servicios\/","og_site_name":"GOMO Interiorismo","article_modified_time":"2024-04-24T08:30:56+00:00","twitter_card":"summary_large_image","twitter_misc":{"Est. reading time":"1 minute"},"schema":{"@context":"https:\/\/schema.org","@graph":[{"@type":"WebPage","@id":"https:\/\/gomointeriorismo.com\/servicios\/","url":"https:\/\/gomointeriorismo.com\/servicios\/","name":"Servicios - GOMO Interiorismo","isPartOf":{"@id":"https:\/\/gomointeriorismo.com\/#website"},"datePublished":"2019-09-04T14:57:00+00:00","dateModified":"2024-04-24T08:30:56+00:00","breadcrumb":{"@id":"https:\/\/gomointeriorismo.com\/servicios\/#breadcrumb"},"inLanguage":"en-US","potentialAction":[{"@type":"ReadAction","target":["https:\/\/gomointeriorismo.com\/servicios\/"]}]},{"@type":"BreadcrumbList","@id":"https:\/\/gomointeriorismo.com\/servicios\/#breadcrumb","itemListElement":[{"@type":"ListItem","position":1,"name":"Portada","item":"https:\/\/gomointeriorismo.com\/"},{"@type":"ListItem","position":2,"name":"Servicios"}]},{"@type":"WebSite","@id":"https:\/\/gomointeriorismo.com\/#website","url":"https:\/\/gomointeriorismo.com\/","name":"GOMO Interior Design","description":"","publisher":{"@id":"https:\/\/gomointeriorismo.com\/#organization"},"potentialAction":[{"@type":"SearchAction","target":{"@type":"EntryPoint","urlTemplate":"https:\/\/gomointeriorismo.com\/?s={search_term_string}"},"query-input":{"@type":"PropertyValueSpecification","valueRequired":true,"valueName":"search_term_string"}}],"inLanguage":"en-US"},{"@type":"Organization","@id":"https:\/\/gomointeriorismo.com\/#organization","name":"GOMO Interior Design","url":"https:\/\/gomointeriorismo.com\/","logo":{"@type":"ImageObject","inLanguage":"en-US","@id":"https:\/\/gomointeriorismo.com\/#\/schema\/logo\/image\/","url":"https:\/\/gomointeriorismo.com\/wp-content\/uploads\/apple-touch-icon.png","contentUrl":"https:\/\/gomointeriorismo.com\/wp-content\/uploads\/apple-touch-icon.png","width":180,"height":180,"caption":"GOMO Interiorismo"},"image":{"@id":"https:\/\/gomointeriorismo.com\/#\/schema\/logo\/image\/"}}]}},"_links":{"self":[{"href":"https:\/\/gomointeriorismo.com\/en\/wp-json\/wp\/v2\/pages\/6","targetHints":{"allow":["GET"]}}],"collection":[{"href":"https:\/\/gomointeriorismo.com\/en\/wp-json\/wp\/v2\/pages"}],"about":[{"href":"https:\/\/gomointeriorismo.com\/en\/wp-json\/wp\/v2\/types\/page"}],"author":[{"embeddable":true,"href":"https:\/\/gomointeriorismo.com\/en\/wp-json\/wp\/v2\/users\/1"}],"replies":[{"embeddable":true,"href":"https:\/\/gomointeriorismo.com\/en\/wp-json\/wp\/v2\/comments?post=6"}],"version-history":[{"count":10,"href":"https:\/\/gomointeriorismo.com\/en\/wp-json\/wp\/v2\/pages\/6\/revisions"}],"predecessor-version":[{"id":1473,"href":"https:\/\/gomointeriorismo.com\/en\/wp-json\/wp\/v2\/pages\/6\/revisions\/1473"}],"wp:attachment":[{"href":"https:\/\/gomointeriorismo.com\/en\/wp-json\/wp\/v2\/media?parent=6"}],"curies":[{"name":"wp","href":"https:\/\/api.w.org\/{rel}","templated":true}]}}