{"id":1476,"date":"2024-04-24T10:36:13","date_gmt":"2024-04-24T08:36:13","guid":{"rendered":"https:\/\/gomointeriorismo.com\/?page_id=1476"},"modified":"2024-05-09T01:10:36","modified_gmt":"2024-05-08T23:10:36","slug":"politica-de-privacidad","status":"publish","type":"page","link":"https:\/\/gomointeriorismo.com\/en\/politica-de-privacidad\/","title":{"rendered":"Privacy Policy"},"content":{"rendered":"<div>\n<p>USO Y TRATAMIENTO DE DATOS DE CAR\u00c1CTER PERSONAL<\/p>\n<p>Le informamos que los datos de car\u00e1cter personal que pudieran proporcionarse, a trav\u00e9s de este sitio web, as\u00ed como los que pudiera facilitar en el futuro en el marco de su relaci\u00f3n jur\u00eddica con esta entidad, ser\u00e1n incorporados a nuestra base de datos.<\/p>\n<p>Se informa sobre los siguientes extremos relativos a la protecci\u00f3n de datos:<\/p>\n<ol>\n<li>\n<p><strong>Responsable del tratamiento<\/strong>: Somos responsables de los datos recogidos en el formulario correspondiente.<\/p>\n<\/li>\n<li>\n<p><strong>Necesidad del tratamiento<\/strong>: La comunicaci\u00f3n de sus datos a trav\u00e9s del formulario correspondiente es obligatoria para podamos contactar.<\/p>\n<\/li>\n<li>\n<p><strong>Finalidades del tratamiento y legitimaci\u00f3n del tratamiento<\/strong>:<\/p>\n<ul>\n<li>\n<p>Gestionar, administrar, prestarle los servicios o facilitarle los productos que solicite y, en su caso, para el cumplimiento y ejecuci\u00f3n de los contratos que pudiera celebrar, conocer mejor sus gustos, adecuar los servicios a sus preferencias.<\/p>\n<\/li>\n<li>\n<p>Enviarle, por correo postal, correo electr\u00f3nico y otros medios de comunicaci\u00f3n electr\u00f3nica equivalente, comunicaciones comerciales y publicitarias sobre nuestros productos y\/o servicios.<\/p>\n<\/li>\n<\/ul>\n<\/li>\n<li>\n<p><strong>Destinatarios<\/strong>: Contratamos con alguna entidad que prestan servicios como los de mantenimiento y hosting, a trav\u00e9s de contratos de encargo del tratamiento para dar soporte a los fines de tratamiento indicados.<\/p>\n<\/li>\n<li>\n<p><strong>Plazo de conservaci\u00f3n de datos<\/strong>: Conservaremos sus datos mientras se mantenga el tratamiento y no solicite la supresi\u00f3n de los mismos.<\/p>\n<\/li>\n<li>\n<p><strong>Derechos<\/strong>: Podr\u00e1 ejercitar los derechos de acceso, rectificaci\u00f3n, supresi\u00f3n, limitaci\u00f3n al tratamiento, oposici\u00f3n, portabilidad y derecho a no ser objeto de una decisi\u00f3n basada \u00fanicamente en el tratamiento automatizado, mediante comunicaci\u00f3n escrita al domicilio indicado en el aviso legal y a revocar su consentimiento sin efectos retroactivos u oponerse a la recepci\u00f3n de comunicaciones comerciales publicitarias por email y otros medios de comunicaci\u00f3n electr\u00f3nica equivalente, enviando y a presentar una reclamaci\u00f3n ante la Autoridad de control, en Espa\u00f1a, la Agencia Espa\u00f1ola de Protecci\u00f3n de Datos.<\/p>\n<\/li>\n<li>\n<p><strong>Modificaci\u00f3n de la pol\u00edtica de privacidad<\/strong>: Nos reservamos el derecho a modificar su Pol\u00edtica de Privacidad, de acuerdo a nuestro propio criterio, o motivado por un cambio doctrinal de la Autoridad competente en Protecci\u00f3n de Datos, legislativo o jurisprudencial. El uso de la Web despu\u00e9s de dichos cambios implicar\u00e1 la aceptaci\u00f3n de \u00e9stos.<\/p>\n<\/li>\n<li>\n<p><strong>Legislaci\u00f3n aplicable<\/strong>: Cualquier controversia que se derive del uso de este Site, ser\u00e1 regida, interpretada y sometida de acuerdo con las leyes de Espa\u00f1a.<\/p>\n<\/li>\n<\/ol>\n<\/div>\n<p><!--more--><br \/>\n<!-- {\"type\":\"layout\",\"children\":[{\"name\":\"Terms\",\"type\":\"section\",\"props\":{\"image_position\":\"center-center\",\"style\":\"default\",\"title_breakpoint\":\"xl\",\"title_position\":\"top-left\",\"title_rotation\":\"left\",\"vertical_align\":\"\",\"width\":\"small\"},\"children\":[{\"type\":\"row\",\"children\":[{\"type\":\"column\",\"props\":{\"image_position\":\"center-center\",\"position_sticky_breakpoint\":\"m\",\"width_medium\":\"1-1\"},\"children\":[{\"type\":\"headline\",\"props\":{\"margin_remove_bottom\":true,\"margin_remove_top\":false,\"title_color\":\"muted\",\"title_element\":\"div\",\"title_style\":\"h5\"},\"source\":{\"query\":{\"name\":\"pages.singlePage\"},\"props\":{\"content\":{\"filters\":{\"search\":\"\",\"date\":\"j \\\\d\\\\e F \\\\d\\\\e Y\",\"before\":\"Actualizado \"},\"name\":\"date\"}}}},{\"type\":\"headline\",\"props\":{\"margin_remove_bottom\":false,\"margin_remove_top\":true,\"title_element\":\"h1\",\"title_style\":\"heading-medium\"},\"source\":{\"query\":{\"name\":\"pages.singlePage\"},\"props\":{\"content\":{\"filters\":{\"search\":\"\"},\"name\":\"title\"}}}}]}]},{\"type\":\"row\",\"props\":{\"margin\":\"large\"},\"children\":[{\"type\":\"column\",\"props\":{\"image_position\":\"center-center\",\"position_sticky_breakpoint\":\"m\",\"width_medium\":\"1-1\"},\"children\":[{\"type\":\"text\",\"props\":{\"column_breakpoint\":\"m\",\"content\":\"\n\n<p>USO Y TRATAMIENTO DE DATOS DE CAR\\u00c1CTER PERSONAL<\\\/p>\\n\n\n<p>Le informamos que los datos de car\\u00e1cter personal que pudieran proporcionarse, a trav\\u00e9s de este sitio web, as\\u00ed como los que pudiera facilitar en el futuro en el marco de su relaci\\u00f3n jur\\u00eddica con esta entidad, ser\\u00e1n incorporados a nuestra base de datos.<\\\/p>\\n\n\n<p>Se informa sobre los siguientes extremos relativos a la protecci\\u00f3n de datos:<\\\/p>\\n\n\n<ol>\\n\n\n<li>\\n\n\n<p><strong>Responsable del tratamiento<\\\/strong>: Somos responsables de los datos recogidos en el formulario correspondiente.<\\\/p>\\n<\\\/li>\\n\n\n<li>\\n\n\n<p><strong>Necesidad del tratamiento<\\\/strong>: La comunicaci\\u00f3n de sus datos a trav\\u00e9s del formulario correspondiente es obligatoria para podamos contactar.<\\\/p>\\n<\\\/li>\\n\n\n<li>\\n\n\n<p><strong>Finalidades del tratamiento y legitimaci\\u00f3n del tratamiento<\\\/strong>:<br \\\/><br \\\/><\\\/p>\\n\n\n<ul>\\n\n\n<li>\\n\n\n<p>Gestionar, administrar, prestarle los servicios o facilitarle los productos que solicite y, en su caso, para el cumplimiento y ejecuci\\u00f3n de los contratos que pudiera celebrar, conocer mejor sus gustos, adecuar los servicios a sus preferencias.<\\\/p>\\n<\\\/li>\\n\n\n<li>\\n\n\n<p>Enviarle, por correo postal, correo electr\\u00f3nico y otros medios de comunicaci\\u00f3n electr\\u00f3nica equivalente, comunicaciones comerciales y publicitarias sobre nuestros productos y\\\/o servicios.<\\\/p>\\n<\\\/li>\\n<\\\/ul>\\n<\\\/li>\\n\n\n<li>\\n\n\n<p><strong>Destinatarios<\\\/strong>: Contratamos con alguna entidad que prestan servicios como los de mantenimiento y hosting, a trav\\u00e9s de contratos de encargo del tratamiento para dar soporte a los fines de tratamiento indicados.<\\\/p>\\n<\\\/li>\\n\n\n<li>\\n\n\n<p><strong>Plazo de conservaci\\u00f3n de datos<\\\/strong>: Conservaremos sus datos mientras se mantenga el tratamiento y no solicite la supresi\\u00f3n de los mismos.<\\\/p>\\n<\\\/li>\\n\n\n<li>\\n\n\n<p><strong>Derechos<\\\/strong>: Podr\\u00e1 ejercitar los derechos de acceso, rectificaci\\u00f3n, supresi\\u00f3n, limitaci\\u00f3n al tratamiento, oposici\\u00f3n, portabilidad y derecho a no ser objeto de una decisi\\u00f3n basada \\u00fanicamente en el tratamiento automatizado, mediante comunicaci\\u00f3n escrita al domicilio indicado en el aviso legal y a revocar su consentimiento sin efectos retroactivos u oponerse a la recepci\\u00f3n de comunicaciones comerciales publicitarias por email y otros medios de comunicaci\\u00f3n electr\\u00f3nica equivalente, enviando y a presentar una reclamaci\\u00f3n ante la Autoridad de control, en Espa\\u00f1a, la Agencia Espa\\u00f1ola de Protecci\\u00f3n de Datos.<\\\/p>\\n<\\\/li>\\n\n\n<li>\\n\n\n<p><strong>Modificaci\\u00f3n de la pol\\u00edtica de privacidad<\\\/strong>: Nos reservamos el derecho a modificar su Pol\\u00edtica de Privacidad, de acuerdo a nuestro propio criterio, o motivado por un cambio doctrinal de la Autoridad competente en Protecci\\u00f3n de Datos, legislativo o jurisprudencial. El uso de la Web despu\\u00e9s de dichos cambios implicar\\u00e1 la aceptaci\\u00f3n de \\u00e9stos.<\\\/p>\\n<\\\/li>\\n\n\n<li>\\n\n\n<p><strong>Legislaci\\u00f3n aplicable<\\\/strong>: Cualquier controversia que se derive del uso de este Site, ser\\u00e1 regida, interpretada y sometida de acuerdo con las leyes de Espa\\u00f1a.<\\\/p>\\n<\\\/li>\\n<\\\/ol>\\n\n\n<p><\\\/p>\",\"margin\":\"default\"}}]}]}]}],\"version\":\"4.3.13\"} --><\/p>","protected":false},"excerpt":{"rendered":"<p>USO Y TRATAMIENTO DE DATOS DE CAR\u00c1CTER PERSONAL Le informamos que los datos de car\u00e1cter personal que pudieran proporcionarse, a trav\u00e9s de este sitio web, as\u00ed como los que pudiera facilitar en el futuro en el marco de su relaci\u00f3n jur\u00eddica con esta entidad, ser\u00e1n incorporados a nuestra base de datos. Se informa sobre los [&hellip;]<\/p>","protected":false},"author":1,"featured_media":0,"parent":0,"menu_order":0,"comment_status":"closed","ping_status":"closed","template":"","meta":{"_acf_changed":false,"footnotes":""},"class_list":["post-1476","page","type-page","status-publish","hentry"],"acf":[],"yoast_head":"<!-- This site is optimized with the Yoast SEO plugin v25.7 - https:\/\/yoast.com\/wordpress\/plugins\/seo\/ -->\n<title>Pol\u00edtica de Privacidad - GOMO Interiorismo<\/title>\n<meta name=\"robots\" content=\"index, follow, max-snippet:-1, max-image-preview:large, max-video-preview:-1\" \/>\n<link rel=\"canonical\" href=\"https:\/\/gomointeriorismo.com\/en\/politica-de-privacidad\/\" \/>\n<meta property=\"og:locale\" content=\"en_US\" \/>\n<meta property=\"og:type\" content=\"article\" \/>\n<meta property=\"og:title\" content=\"Pol\u00edtica de Privacidad - GOMO Interiorismo\" \/>\n<meta property=\"og:description\" content=\"USO Y TRATAMIENTO DE DATOS DE CAR\u00c1CTER PERSONAL Le informamos que los datos de car\u00e1cter personal que pudieran proporcionarse, a trav\u00e9s de este sitio web, as\u00ed como los que pudiera facilitar en el futuro en el marco de su relaci\u00f3n jur\u00eddica con esta entidad, ser\u00e1n incorporados a nuestra base de datos. Se informa sobre los [&hellip;]\" \/>\n<meta property=\"og:url\" content=\"https:\/\/gomointeriorismo.com\/en\/politica-de-privacidad\/\" \/>\n<meta property=\"og:site_name\" content=\"GOMO Interiorismo\" \/>\n<meta property=\"article:modified_time\" content=\"2024-05-08T23:10:36+00:00\" \/>\n<meta name=\"twitter:card\" content=\"summary_large_image\" \/>\n<meta name=\"twitter:label1\" content=\"Est. reading time\" \/>\n\t<meta name=\"twitter:data1\" content=\"2 minutes\" \/>\n<script type=\"application\/ld+json\" class=\"yoast-schema-graph\">{\"@context\":\"https:\/\/schema.org\",\"@graph\":[{\"@type\":\"WebPage\",\"@id\":\"https:\/\/gomointeriorismo.com\/politica-de-privacidad\/\",\"url\":\"https:\/\/gomointeriorismo.com\/politica-de-privacidad\/\",\"name\":\"Pol\u00edtica de Privacidad - GOMO Interiorismo\",\"isPartOf\":{\"@id\":\"https:\/\/gomointeriorismo.com\/#website\"},\"datePublished\":\"2024-04-24T08:36:13+00:00\",\"dateModified\":\"2024-05-08T23:10:36+00:00\",\"breadcrumb\":{\"@id\":\"https:\/\/gomointeriorismo.com\/politica-de-privacidad\/#breadcrumb\"},\"inLanguage\":\"en-US\",\"potentialAction\":[{\"@type\":\"ReadAction\",\"target\":[\"https:\/\/gomointeriorismo.com\/politica-de-privacidad\/\"]}]},{\"@type\":\"BreadcrumbList\",\"@id\":\"https:\/\/gomointeriorismo.com\/politica-de-privacidad\/#breadcrumb\",\"itemListElement\":[{\"@type\":\"ListItem\",\"position\":1,\"name\":\"Portada\",\"item\":\"https:\/\/gomointeriorismo.com\/\"},{\"@type\":\"ListItem\",\"position\":2,\"name\":\"Pol\u00edtica de Privacidad\"}]},{\"@type\":\"WebSite\",\"@id\":\"https:\/\/gomointeriorismo.com\/#website\",\"url\":\"https:\/\/gomointeriorismo.com\/\",\"name\":\"GOMO Interiorismo\",\"description\":\"\",\"publisher\":{\"@id\":\"https:\/\/gomointeriorismo.com\/#organization\"},\"potentialAction\":[{\"@type\":\"SearchAction\",\"target\":{\"@type\":\"EntryPoint\",\"urlTemplate\":\"https:\/\/gomointeriorismo.com\/?s={search_term_string}\"},\"query-input\":{\"@type\":\"PropertyValueSpecification\",\"valueRequired\":true,\"valueName\":\"search_term_string\"}}],\"inLanguage\":\"en-US\"},{\"@type\":\"Organization\",\"@id\":\"https:\/\/gomointeriorismo.com\/#organization\",\"name\":\"GOMO Interiorismo\",\"url\":\"https:\/\/gomointeriorismo.com\/\",\"logo\":{\"@type\":\"ImageObject\",\"inLanguage\":\"en-US\",\"@id\":\"https:\/\/gomointeriorismo.com\/#\/schema\/logo\/image\/\",\"url\":\"https:\/\/gomointeriorismo.com\/wp-content\/uploads\/apple-touch-icon.png\",\"contentUrl\":\"https:\/\/gomointeriorismo.com\/wp-content\/uploads\/apple-touch-icon.png\",\"width\":180,\"height\":180,\"caption\":\"GOMO Interiorismo\"},\"image\":{\"@id\":\"https:\/\/gomointeriorismo.com\/#\/schema\/logo\/image\/\"}}]}<\/script>\n<!-- \/ Yoast SEO plugin. -->","yoast_head_json":{"title":"Pol\u00edtica de Privacidad - GOMO Interiorismo","robots":{"index":"index","follow":"follow","max-snippet":"max-snippet:-1","max-image-preview":"max-image-preview:large","max-video-preview":"max-video-preview:-1"},"canonical":"https:\/\/gomointeriorismo.com\/en\/politica-de-privacidad\/","og_locale":"en_US","og_type":"article","og_title":"Pol\u00edtica de Privacidad - GOMO Interiorismo","og_description":"USO Y TRATAMIENTO DE DATOS DE CAR\u00c1CTER PERSONAL Le informamos que los datos de car\u00e1cter personal que pudieran proporcionarse, a trav\u00e9s de este sitio web, as\u00ed como los que pudiera facilitar en el futuro en el marco de su relaci\u00f3n jur\u00eddica con esta entidad, ser\u00e1n incorporados a nuestra base de datos. Se informa sobre los [&hellip;]","og_url":"https:\/\/gomointeriorismo.com\/en\/politica-de-privacidad\/","og_site_name":"GOMO Interiorismo","article_modified_time":"2024-05-08T23:10:36+00:00","twitter_card":"summary_large_image","twitter_misc":{"Est. reading time":"2 minutes"},"schema":{"@context":"https:\/\/schema.org","@graph":[{"@type":"WebPage","@id":"https:\/\/gomointeriorismo.com\/politica-de-privacidad\/","url":"https:\/\/gomointeriorismo.com\/politica-de-privacidad\/","name":"Pol\u00edtica de Privacidad - GOMO Interiorismo","isPartOf":{"@id":"https:\/\/gomointeriorismo.com\/#website"},"datePublished":"2024-04-24T08:36:13+00:00","dateModified":"2024-05-08T23:10:36+00:00","breadcrumb":{"@id":"https:\/\/gomointeriorismo.com\/politica-de-privacidad\/#breadcrumb"},"inLanguage":"en-US","potentialAction":[{"@type":"ReadAction","target":["https:\/\/gomointeriorismo.com\/politica-de-privacidad\/"]}]},{"@type":"BreadcrumbList","@id":"https:\/\/gomointeriorismo.com\/politica-de-privacidad\/#breadcrumb","itemListElement":[{"@type":"ListItem","position":1,"name":"Portada","item":"https:\/\/gomointeriorismo.com\/"},{"@type":"ListItem","position":2,"name":"Pol\u00edtica de Privacidad"}]},{"@type":"WebSite","@id":"https:\/\/gomointeriorismo.com\/#website","url":"https:\/\/gomointeriorismo.com\/","name":"GOMO Interior Design","description":"","publisher":{"@id":"https:\/\/gomointeriorismo.com\/#organization"},"potentialAction":[{"@type":"SearchAction","target":{"@type":"EntryPoint","urlTemplate":"https:\/\/gomointeriorismo.com\/?s={search_term_string}"},"query-input":{"@type":"PropertyValueSpecification","valueRequired":true,"valueName":"search_term_string"}}],"inLanguage":"en-US"},{"@type":"Organization","@id":"https:\/\/gomointeriorismo.com\/#organization","name":"GOMO Interior Design","url":"https:\/\/gomointeriorismo.com\/","logo":{"@type":"ImageObject","inLanguage":"en-US","@id":"https:\/\/gomointeriorismo.com\/#\/schema\/logo\/image\/","url":"https:\/\/gomointeriorismo.com\/wp-content\/uploads\/apple-touch-icon.png","contentUrl":"https:\/\/gomointeriorismo.com\/wp-content\/uploads\/apple-touch-icon.png","width":180,"height":180,"caption":"GOMO Interiorismo"},"image":{"@id":"https:\/\/gomointeriorismo.com\/#\/schema\/logo\/image\/"}}]}},"_links":{"self":[{"href":"https:\/\/gomointeriorismo.com\/en\/wp-json\/wp\/v2\/pages\/1476","targetHints":{"allow":["GET"]}}],"collection":[{"href":"https:\/\/gomointeriorismo.com\/en\/wp-json\/wp\/v2\/pages"}],"about":[{"href":"https:\/\/gomointeriorismo.com\/en\/wp-json\/wp\/v2\/types\/page"}],"author":[{"embeddable":true,"href":"https:\/\/gomointeriorismo.com\/en\/wp-json\/wp\/v2\/users\/1"}],"replies":[{"embeddable":true,"href":"https:\/\/gomointeriorismo.com\/en\/wp-json\/wp\/v2\/comments?post=1476"}],"version-history":[{"count":3,"href":"https:\/\/gomointeriorismo.com\/en\/wp-json\/wp\/v2\/pages\/1476\/revisions"}],"predecessor-version":[{"id":1521,"href":"https:\/\/gomointeriorismo.com\/en\/wp-json\/wp\/v2\/pages\/1476\/revisions\/1521"}],"wp:attachment":[{"href":"https:\/\/gomointeriorismo.com\/en\/wp-json\/wp\/v2\/media?parent=1476"}],"curies":[{"name":"wp","href":"https:\/\/api.w.org\/{rel}","templated":true}]}}