{"id":1474,"date":"2024-04-24T10:35:48","date_gmt":"2024-04-24T08:35:48","guid":{"rendered":"https:\/\/gomointeriorismo.com\/?page_id=1474"},"modified":"2024-05-09T01:08:33","modified_gmt":"2024-05-08T23:08:33","slug":"aviso-legal","status":"publish","type":"page","link":"https:\/\/gomointeriorismo.com\/en\/aviso-legal\/","title":{"rendered":"Legal Notice"},"content":{"rendered":"<div>\n<ol>\n<li>\n<p>El titular de este sitio web es ESTAMOS DE REFORMAS SL, con C.I.F B09740598 con domicilio en Calle Gonz\u00e1lez Mart\u00ed, 9 BAJO- Val\u00e8ncia ( 46008 VALENCIA \/ VAL\u00c8NCIA ).<\/p>\n<\/li>\n<li>\n<p>El acceso al site de Gomo Interiorismo es gratuito. Todo el contenido es propiedad intelectual de Gomo Interiorismo. Cualquier utilizaci\u00f3n de los mismos contraria a las normas en materia de propiedad intelectual ser\u00e1 perseguida con arreglo a la legislaci\u00f3n vigente.<\/p>\n<\/li>\n<\/ol>\n<\/div>\n<p><!--more--><br \/>\n<!-- {\"type\":\"layout\",\"children\":[{\"name\":\"Terms\",\"type\":\"section\",\"props\":{\"image_position\":\"center-center\",\"style\":\"default\",\"title_breakpoint\":\"xl\",\"title_position\":\"top-left\",\"title_rotation\":\"left\",\"vertical_align\":\"\",\"width\":\"small\"},\"children\":[{\"type\":\"row\",\"children\":[{\"type\":\"column\",\"props\":{\"image_position\":\"center-center\",\"position_sticky_breakpoint\":\"m\",\"width_medium\":\"1-1\"},\"children\":[{\"type\":\"headline\",\"props\":{\"margin_remove_bottom\":true,\"margin_remove_top\":false,\"title_color\":\"muted\",\"title_element\":\"div\",\"title_style\":\"h5\"},\"source\":{\"query\":{\"name\":\"pages.singlePage\"},\"props\":{\"content\":{\"filters\":{\"search\":\"\",\"date\":\"j \\\\d\\\\e F \\\\d\\\\e Y\",\"before\":\"Actualizado \"},\"name\":\"date\"}}}},{\"type\":\"headline\",\"props\":{\"margin_remove_bottom\":false,\"margin_remove_top\":true,\"title_element\":\"h1\",\"title_style\":\"heading-medium\"},\"source\":{\"query\":{\"name\":\"pages.singlePage\"},\"props\":{\"content\":{\"filters\":{\"search\":\"\"},\"name\":\"title\"}}}}]}]},{\"type\":\"row\",\"props\":{\"margin\":\"large\"},\"children\":[{\"type\":\"column\",\"props\":{\"image_position\":\"center-center\",\"position_sticky_breakpoint\":\"m\",\"width_medium\":\"1-1\"},\"children\":[{\"type\":\"text\",\"props\":{\"column_breakpoint\":\"m\",\"content\":\"\n\n<ol>\\n\n\n<li>\\n\n\n<p>El titular de este sitio web es ESTAMOS DE REFORMAS SL, con C.I.F B09740598 con domicilio en Calle Gonz\\u00e1lez Mart\\u00ed, 9 BAJO- Val\\u00e8ncia ( 46008 VALENCIA \\\/ VAL\\u00c8NCIA ).<\\\/p>\\n<\\\/li>\\n\n\n<li>\\n\n\n<p>El acceso al site de Gomo Interiorismo es gratuito. Todo el contenido es propiedad intelectual de Gomo Interiorismo. Cualquier utilizaci\\u00f3n de los mismos contraria a las normas en materia de propiedad intelectual ser\\u00e1 perseguida con arreglo a la legislaci\\u00f3n vigente.<\\\/p>\\n<\\\/li>\\n<\\\/ol>\\n\n\n<p><\\\/p>\",\"margin\":\"default\"}}]}]}]}],\"version\":\"4.3.13\"} --><\/p>","protected":false},"excerpt":{"rendered":"<p>El titular de este sitio web es ESTAMOS DE REFORMAS SL, con C.I.F B09740598 con domicilio en Calle Gonz\u00e1lez Mart\u00ed, 9 BAJO- Val\u00e8ncia ( 46008 VALENCIA \/ VAL\u00c8NCIA ). El acceso al site de Gomo Interiorismo es gratuito. Todo el contenido es propiedad intelectual de Gomo Interiorismo. Cualquier utilizaci\u00f3n de los mismos contraria a las [&hellip;]<\/p>","protected":false},"author":1,"featured_media":0,"parent":0,"menu_order":0,"comment_status":"closed","ping_status":"closed","template":"","meta":{"_acf_changed":false,"footnotes":""},"class_list":["post-1474","page","type-page","status-publish","hentry"],"acf":[],"yoast_head":"<!-- This site is optimized with the Yoast SEO plugin v25.7 - https:\/\/yoast.com\/wordpress\/plugins\/seo\/ -->\n<title>Aviso legal - GOMO Interiorismo<\/title>\n<meta name=\"robots\" content=\"index, follow, max-snippet:-1, max-image-preview:large, max-video-preview:-1\" \/>\n<link rel=\"canonical\" href=\"https:\/\/gomointeriorismo.com\/en\/aviso-legal\/\" \/>\n<meta property=\"og:locale\" content=\"en_US\" \/>\n<meta property=\"og:type\" content=\"article\" \/>\n<meta property=\"og:title\" content=\"Aviso legal - GOMO Interiorismo\" \/>\n<meta property=\"og:description\" content=\"El titular de este sitio web es ESTAMOS DE REFORMAS SL, con C.I.F B09740598 con domicilio en Calle Gonz\u00e1lez Mart\u00ed, 9 BAJO- Val\u00e8ncia ( 46008 VALENCIA \/ VAL\u00c8NCIA ). El acceso al site de Gomo Interiorismo es gratuito. Todo el contenido es propiedad intelectual de Gomo Interiorismo. Cualquier utilizaci\u00f3n de los mismos contraria a las [&hellip;]\" \/>\n<meta property=\"og:url\" content=\"https:\/\/gomointeriorismo.com\/en\/aviso-legal\/\" \/>\n<meta property=\"og:site_name\" content=\"GOMO Interiorismo\" \/>\n<meta property=\"article:modified_time\" content=\"2024-05-08T23:08:33+00:00\" \/>\n<meta name=\"twitter:card\" content=\"summary_large_image\" \/>\n<script type=\"application\/ld+json\" class=\"yoast-schema-graph\">{\"@context\":\"https:\/\/schema.org\",\"@graph\":[{\"@type\":\"WebPage\",\"@id\":\"https:\/\/gomointeriorismo.com\/aviso-legal\/\",\"url\":\"https:\/\/gomointeriorismo.com\/aviso-legal\/\",\"name\":\"Aviso legal - GOMO Interiorismo\",\"isPartOf\":{\"@id\":\"https:\/\/gomointeriorismo.com\/#website\"},\"datePublished\":\"2024-04-24T08:35:48+00:00\",\"dateModified\":\"2024-05-08T23:08:33+00:00\",\"breadcrumb\":{\"@id\":\"https:\/\/gomointeriorismo.com\/aviso-legal\/#breadcrumb\"},\"inLanguage\":\"en-US\",\"potentialAction\":[{\"@type\":\"ReadAction\",\"target\":[\"https:\/\/gomointeriorismo.com\/aviso-legal\/\"]}]},{\"@type\":\"BreadcrumbList\",\"@id\":\"https:\/\/gomointeriorismo.com\/aviso-legal\/#breadcrumb\",\"itemListElement\":[{\"@type\":\"ListItem\",\"position\":1,\"name\":\"Portada\",\"item\":\"https:\/\/gomointeriorismo.com\/\"},{\"@type\":\"ListItem\",\"position\":2,\"name\":\"Aviso legal\"}]},{\"@type\":\"WebSite\",\"@id\":\"https:\/\/gomointeriorismo.com\/#website\",\"url\":\"https:\/\/gomointeriorismo.com\/\",\"name\":\"GOMO Interiorismo\",\"description\":\"\",\"publisher\":{\"@id\":\"https:\/\/gomointeriorismo.com\/#organization\"},\"potentialAction\":[{\"@type\":\"SearchAction\",\"target\":{\"@type\":\"EntryPoint\",\"urlTemplate\":\"https:\/\/gomointeriorismo.com\/?s={search_term_string}\"},\"query-input\":{\"@type\":\"PropertyValueSpecification\",\"valueRequired\":true,\"valueName\":\"search_term_string\"}}],\"inLanguage\":\"en-US\"},{\"@type\":\"Organization\",\"@id\":\"https:\/\/gomointeriorismo.com\/#organization\",\"name\":\"GOMO Interiorismo\",\"url\":\"https:\/\/gomointeriorismo.com\/\",\"logo\":{\"@type\":\"ImageObject\",\"inLanguage\":\"en-US\",\"@id\":\"https:\/\/gomointeriorismo.com\/#\/schema\/logo\/image\/\",\"url\":\"https:\/\/gomointeriorismo.com\/wp-content\/uploads\/apple-touch-icon.png\",\"contentUrl\":\"https:\/\/gomointeriorismo.com\/wp-content\/uploads\/apple-touch-icon.png\",\"width\":180,\"height\":180,\"caption\":\"GOMO Interiorismo\"},\"image\":{\"@id\":\"https:\/\/gomointeriorismo.com\/#\/schema\/logo\/image\/\"}}]}<\/script>\n<!-- \/ Yoast SEO plugin. -->","yoast_head_json":{"title":"Aviso legal - GOMO Interiorismo","robots":{"index":"index","follow":"follow","max-snippet":"max-snippet:-1","max-image-preview":"max-image-preview:large","max-video-preview":"max-video-preview:-1"},"canonical":"https:\/\/gomointeriorismo.com\/en\/aviso-legal\/","og_locale":"en_US","og_type":"article","og_title":"Aviso legal - GOMO Interiorismo","og_description":"El titular de este sitio web es ESTAMOS DE REFORMAS SL, con C.I.F B09740598 con domicilio en Calle Gonz\u00e1lez Mart\u00ed, 9 BAJO- Val\u00e8ncia ( 46008 VALENCIA \/ VAL\u00c8NCIA ). El acceso al site de Gomo Interiorismo es gratuito. Todo el contenido es propiedad intelectual de Gomo Interiorismo. Cualquier utilizaci\u00f3n de los mismos contraria a las [&hellip;]","og_url":"https:\/\/gomointeriorismo.com\/en\/aviso-legal\/","og_site_name":"GOMO Interiorismo","article_modified_time":"2024-05-08T23:08:33+00:00","twitter_card":"summary_large_image","schema":{"@context":"https:\/\/schema.org","@graph":[{"@type":"WebPage","@id":"https:\/\/gomointeriorismo.com\/aviso-legal\/","url":"https:\/\/gomointeriorismo.com\/aviso-legal\/","name":"Aviso legal - GOMO Interiorismo","isPartOf":{"@id":"https:\/\/gomointeriorismo.com\/#website"},"datePublished":"2024-04-24T08:35:48+00:00","dateModified":"2024-05-08T23:08:33+00:00","breadcrumb":{"@id":"https:\/\/gomointeriorismo.com\/aviso-legal\/#breadcrumb"},"inLanguage":"en-US","potentialAction":[{"@type":"ReadAction","target":["https:\/\/gomointeriorismo.com\/aviso-legal\/"]}]},{"@type":"BreadcrumbList","@id":"https:\/\/gomointeriorismo.com\/aviso-legal\/#breadcrumb","itemListElement":[{"@type":"ListItem","position":1,"name":"Portada","item":"https:\/\/gomointeriorismo.com\/"},{"@type":"ListItem","position":2,"name":"Aviso legal"}]},{"@type":"WebSite","@id":"https:\/\/gomointeriorismo.com\/#website","url":"https:\/\/gomointeriorismo.com\/","name":"GOMO Interior Design","description":"","publisher":{"@id":"https:\/\/gomointeriorismo.com\/#organization"},"potentialAction":[{"@type":"SearchAction","target":{"@type":"EntryPoint","urlTemplate":"https:\/\/gomointeriorismo.com\/?s={search_term_string}"},"query-input":{"@type":"PropertyValueSpecification","valueRequired":true,"valueName":"search_term_string"}}],"inLanguage":"en-US"},{"@type":"Organization","@id":"https:\/\/gomointeriorismo.com\/#organization","name":"GOMO Interior Design","url":"https:\/\/gomointeriorismo.com\/","logo":{"@type":"ImageObject","inLanguage":"en-US","@id":"https:\/\/gomointeriorismo.com\/#\/schema\/logo\/image\/","url":"https:\/\/gomointeriorismo.com\/wp-content\/uploads\/apple-touch-icon.png","contentUrl":"https:\/\/gomointeriorismo.com\/wp-content\/uploads\/apple-touch-icon.png","width":180,"height":180,"caption":"GOMO Interiorismo"},"image":{"@id":"https:\/\/gomointeriorismo.com\/#\/schema\/logo\/image\/"}}]}},"_links":{"self":[{"href":"https:\/\/gomointeriorismo.com\/en\/wp-json\/wp\/v2\/pages\/1474","targetHints":{"allow":["GET"]}}],"collection":[{"href":"https:\/\/gomointeriorismo.com\/en\/wp-json\/wp\/v2\/pages"}],"about":[{"href":"https:\/\/gomointeriorismo.com\/en\/wp-json\/wp\/v2\/types\/page"}],"author":[{"embeddable":true,"href":"https:\/\/gomointeriorismo.com\/en\/wp-json\/wp\/v2\/users\/1"}],"replies":[{"embeddable":true,"href":"https:\/\/gomointeriorismo.com\/en\/wp-json\/wp\/v2\/comments?post=1474"}],"version-history":[{"count":5,"href":"https:\/\/gomointeriorismo.com\/en\/wp-json\/wp\/v2\/pages\/1474\/revisions"}],"predecessor-version":[{"id":1520,"href":"https:\/\/gomointeriorismo.com\/en\/wp-json\/wp\/v2\/pages\/1474\/revisions\/1520"}],"wp:attachment":[{"href":"https:\/\/gomointeriorismo.com\/en\/wp-json\/wp\/v2\/media?parent=1474"}],"curies":[{"name":"wp","href":"https:\/\/api.w.org\/{rel}","templated":true}]}}