{"id":1404,"date":"2024-04-23T12:35:59","date_gmt":"2024-04-23T10:35:59","guid":{"rendered":"https:\/\/gomointeriorismo.com\/?page_id=1404"},"modified":"2024-04-23T18:11:54","modified_gmt":"2024-04-23T16:11:54","slug":"reforma-armarios-empotrados","status":"publish","type":"page","link":"https:\/\/gomointeriorismo.com\/en\/reforma-armarios-empotrados\/","title":{"rendered":"Reform of built-in closets"},"content":{"rendered":"<p><img decoding=\"async\" src=\"\/wp-content\/uploads\/HERO_reforma_bano.jpg\" alt=\"\"><\/p>\n<div>Servicios de reformas<\/div>\n<h1>Transformaciones de cuartos de ba\u00f1o que Inspiran y Funcionan<\/h1>\n<div>En Gomo Interiorismo, nos dedicamos a proporcionar servicios de reforma de alta calidad en Valencia y alrededores. Con m\u00e1s de 30 a\u00f1os de experiencia, somos especialistas en adaptar cada proyecto a las necesidades \u00fanicas de nuestros clientes, garantizando resultados impresionantes y duraderos. Si buscas profesionalidad y un servicio personalizado, somos tu mejor opci\u00f3n para una reforma que transformar\u00e1 completamente tu espacio.<\/div>\n<div>\n<div>\u00bfEst\u00e1s buscando transformar tu hogar en Valencia? En Gomo Interiorismo, ofrecemos reformas integrales que no solo cumplen con tus expectativas, sino que las elevan. Desde cocinas modernas hasta ba\u00f1os de lujo, nuestro equipo de expertos utiliza soluciones innovadoras y materiales de primera calidad para asegurar que cada espacio sea tan funcional como hermoso. Conf\u00eda en nosotros para hacer realidad tus ideas de dise\u00f1o.<\/div>\n<\/div>\n<div>\n<\/div>\n<h2>Reformas realizadas<\/h2>\n<div>Proyectos de Reforma que han cambiado vidas<\/div>\n<div>\n<p>At <strong>Gomo Interior Design<\/strong>, convertimos visiones en realidad. Cada espacio que tocamos se transforma, combinando funcionalidad con est\u00e9tica moderna. Desde cocinas que invitan a compartir hasta ba\u00f1os que son verdaderos santuarios de relajaci\u00f3n, nuestros proyectos de reforma est\u00e1n dise\u00f1ados para mejorar cada aspecto de tu hogar o negocio. Echa un vistazo a nuestra galer\u00eda de transformaciones exitosas y deja que te inspiremos a dar el pr\u00f3ximo paso hacia la renovaci\u00f3n de tus sue\u00f1os. Con <strong>Gomo Interior Design<\/strong>, redescubre el potencial de tus espacios.<\/p>\n<\/p>\n<\/div>\n<div><a href=\"\/en\/contacto\/\">Si est\u00e1s interesado en un nuevo hogar sin cambiar de vecindario, cont\u00e1ctanos<\/a><\/div>\n<p><!--more--><br \/>\n<!-- {\"type\":\"layout\",\"children\":[{\"name\":\"Hero\",\"type\":\"section\",\"props\":{\"animation_delay\":false,\"image_position\":\"center-center\",\"overlap\":false,\"padding_remove_top\":true,\"style\":\"default\",\"title_breakpoint\":\"xl\",\"title_position\":\"top-left\",\"title_rotation\":\"left\",\"vertical_align\":\"middle\",\"width\":\"\"},\"children\":[{\"type\":\"row\",\"props\":{\"margin_remove_bottom\":false},\"children\":[{\"type\":\"column\",\"props\":{\"image_position\":\"center-center\",\"position_sticky_breakpoint\":\"m\",\"width_medium\":\"1-1\"},\"children\":[{\"type\":\"image\",\"props\":{\"image\":\"wp-content\\\/uploads\\\/HERO_reforma_bano.jpg\",\"image_svg_color\":\"emphasis\",\"image_width\":\"2560\",\"margin\":\"default\"}}]}]},{\"type\":\"row\",\"props\":{\"column_gap\":\"large\",\"layout\":\"expand,large\",\"margin\":\"remove-vertical\",\"margin_remove_bottom\":false,\"margin_remove_top\":false,\"row_gap\":\"large\",\"width\":\"large\"},\"children\":[{\"type\":\"column\",\"props\":{\"image\":\"wp-content\\\/uploads\\\/bg.png\",\"image_effect\":\"parallax\",\"image_height\":\"310\",\"image_parallax_bgy\":\"-110,-250\",\"image_parallax_easing\":\"1\",\"image_position\":\"top-left\",\"image_width\":\"260\",\"position_sticky_breakpoint\":\"m\",\"width_large\":\"expand\"},\"children\":[{\"type\":\"headline\",\"props\":{\"content\":\"Servicios de reformas\",\"margin\":\"default\",\"margin_remove_bottom\":false,\"title_color\":\"primary\",\"title_element\":\"div\",\"title_style\":\"h6\"}},{\"type\":\"headline\",\"props\":{\"content\":\"Transformaciones de cuartos de ba\\u00f1o que Inspiran y Funcionan\",\"margin\":\"large\",\"margin_remove_top\":true,\"title_element\":\"h1\"}},{\"type\":\"text\",\"props\":{\"column_breakpoint\":\"l\",\"column_divider\":false,\"content\":\"En Gomo Interiorismo, nos dedicamos a proporcionar servicios de reforma de alta calidad en Valencia y alrededores. Con m\\u00e1s de 30 a\\u00f1os de experiencia, somos especialistas en adaptar cada proyecto a las necesidades \\u00fanicas de nuestros clientes, garantizando resultados impresionantes y duraderos. Si buscas profesionalidad y un servicio personalizado, somos tu mejor opci\\u00f3n para una reforma que transformar\\u00e1 completamente tu espacio.\",\"margin\":\"default\",\"maxwidth\":\"2xlarge\",\"text_align_fallback\":\"left\"}}]},{\"type\":\"column\",\"props\":{\"image_position\":\"center-center\",\"position_sticky_breakpoint\":\"m\",\"preserve_color\":false,\"width_large\":\"xlarge\"},\"children\":[{\"type\":\"panel\",\"props\":{\"animation\":\"parallax\",\"content\":\"\\u00bfEst\\u00e1s buscando transformar tu hogar en Valencia? En Gomo Interiorismo, ofrecemos reformas integrales que no solo cumplen con tus expectativas, sino que las elevan. Desde cocinas modernas hasta ba\\u00f1os de lujo, nuestro equipo de expertos utiliza soluciones innovadoras y materiales de primera calidad para asegurar que cada espacio sea tan funcional como hermoso. Conf\\u00eda en nosotros para hacer realidad tus ideas de dise\\u00f1o.\",\"content_column_breakpoint\":\"m\",\"icon_width\":80,\"image_align\":\"top\",\"image_grid_breakpoint\":\"m\",\"image_grid_width\":\"1-2\",\"image_svg_color\":\"emphasis\",\"link_style\":\"default\",\"link_text\":\"Read more\",\"margin\":\"remove-vertical\",\"meta_align\":\"below-title\",\"meta_element\":\"div\",\"meta_style\":\"text-meta\",\"panel_padding\":\"large\",\"panel_style\":\"card-secondary\",\"parallax_breakpoint\":\"l\",\"parallax_easing\":\"1\",\"parallax_target\":\"!.uk-section\",\"parallax_y\":\"-80,110\",\"parallax_zindex\":false,\"title_align\":\"top\",\"title_element\":\"h3\",\"title_grid_breakpoint\":\"m\",\"title_grid_width\":\"1-2\",\"title_hover_style\":\"reset\"}}]}]}]},{\"name\":\"Trabajos realizados\",\"type\":\"section\",\"props\":{\"animation\":\"slide-right-medium\",\"image\":\"wp-content\\\/uploads\\\/yootheme\\\/home-residences-bg.svg\",\"image_effect\":\"parallax\",\"image_height\":\"680\",\"image_parallax_bgy\":\"100,100\",\"image_parallax_easing\":\"1\",\"image_position\":\"top-left\",\"image_size\":\"contain\",\"image_width\":\"2000\",\"media_visibility\":\"m\",\"padding\":\"xlarge\",\"style\":\"default\",\"title_breakpoint\":\"xl\",\"title_position\":\"top-left\",\"title_rotation\":\"left\",\"vertical_align\":\"middle\",\"width\":\"xlarge\"},\"children\":[{\"type\":\"row\",\"props\":{\"column_gap\":\"large\",\"layout\":\"2-3,1-3\",\"margin\":\"xlarge\",\"row_gap\":\"large\"},\"children\":[{\"type\":\"column\",\"props\":{\"image_position\":\"top-left\",\"media_visibility\":\"s\",\"padding\":\"none\",\"position_sticky_breakpoint\":\"m\",\"width_large\":\"2-3\"},\"children\":[{\"type\":\"overlay-slider\",\"props\":{\"image_width\":\"640\",\"link_style\":\"default\",\"link_text\":\"\",\"margin\":\"default\",\"meta_align\":\"below-title\",\"meta_element\":\"div\",\"meta_style\":\"text-meta\",\"nav\":\"\",\"nav_align\":\"center\",\"nav_breakpoint\":\"s\",\"overlay_hover\":false,\"overlay_link\":true,\"overlay_mode\":\"cover\",\"overlay_padding\":\"small\",\"overlay_position\":\"bottom-left\",\"overlay_transition\":\"slide-bottom-small\",\"show_content\":true,\"show_hover_image\":true,\"show_link\":true,\"show_meta\":true,\"show_title\":true,\"slidenav\":\"top-right\",\"slidenav_breakpoint\":\"s\",\"slidenav_hover\":false,\"slidenav_large\":false,\"slidenav_margin\":\"medium\",\"slidenav_outside_breakpoint\":\"xl\",\"slider_autoplay\":true,\"slider_autoplay_pause\":true,\"slider_gap\":\"default\",\"slider_width\":\"fixed\",\"slider_width_default\":\"1-1\",\"slider_width_medium\":\"\",\"slider_width_small\":\"1-2\",\"text_align\":\"\",\"text_color\":\"light\",\"title_element\":\"div\",\"title_hover_style\":\"reset\",\"title_style\":\"h5\"},\"children\":[{\"type\":\"overlay-slider_item\",\"source\":{\"query\":{\"name\":\"trabajosRealizadoss.customTrabajosRealizadoss\",\"arguments\":{\"terms\":[8],\"tipo_de_trabajo_operator\":\"IN\",\"users\":[],\"users_operator\":\"IN\",\"offset\":0,\"limit\":10,\"order\":\"date\",\"order_direction\":\"DESC\"}},\"props\":{\"image\":{\"filters\":{\"search\":\"\"},\"name\":\"field.imagen_principal.url\"},\"title\":{\"filters\":{\"search\":\"\"},\"name\":\"title\"},\"link\":{\"filters\":{\"search\":\"\"},\"name\":\"link\"}}}}]}]},{\"type\":\"column\",\"props\":{\"image_position\":\"center-center\",\"position_sticky_breakpoint\":\"m\",\"width_large\":\"1-3\"},\"children\":[{\"type\":\"headline\",\"props\":{\"content\":\"Reformas realizadas\",\"title_color\":\"primary\",\"title_element\":\"h2\",\"title_style\":\"h6\"}},{\"type\":\"headline\",\"props\":{\"content\":\"Proyectos de Reforma que han cambiado vidas\",\"margin\":\"remove-vertical\",\"maxwidth\":\"large\",\"title_element\":\"div\",\"title_style\":\"h1\"}},{\"type\":\"text\",\"props\":{\"column_breakpoint\":\"m\",\"content\":\"\n\n<p>En <strong>Gomo Interiorismo<\\\/strong>, convertimos visiones en realidad. Cada espacio que tocamos se transforma, combinando funcionalidad con est\\u00e9tica moderna. Desde cocinas que invitan a compartir hasta ba\\u00f1os que son verdaderos santuarios de relajaci\\u00f3n, nuestros proyectos de reforma est\\u00e1n dise\\u00f1ados para mejorar cada aspecto de tu hogar o negocio. Echa un vistazo a nuestra galer\\u00eda de transformaciones exitosas y deja que te inspiremos a dar el pr\\u00f3ximo paso hacia la renovaci\\u00f3n de tus sue\\u00f1os. Con <strong>Gomo Interiorismo<\\\/strong>, redescubre el potencial de tus espacios.<\\\/p>\\n\n\n<p><\\\/p>\",\"margin\":\"large\"}}]}]}]},{\"name\":\"CTA\",\"type\":\"section\",\"props\":{\"image_position\":\"center-center\",\"padding\":\"large\",\"padding_remove_bottom\":false,\"padding_remove_top\":true,\"style\":\"default\",\"title_breakpoint\":\"xl\",\"title_position\":\"top-left\",\"title_rotation\":\"left\",\"vertical_align\":\"middle\",\"width\":\"large\"},\"children\":[{\"type\":\"row\",\"children\":[{\"type\":\"column\",\"props\":{\"image_position\":\"center-center\",\"position_sticky_breakpoint\":\"m\",\"width_medium\":\"1-1\"},\"children\":[{\"type\":\"headline\",\"props\":{\"block_align\":\"center\",\"content\":\"Si est\\u00e1s interesado en un nuevo hogar sin cambiar de vecindario, cont\\u00e1ctanos\",\"link\":\"contacto\\\/\",\"margin_remove_top\":true,\"maxwidth\":\"2xlarge\",\"text_align\":\"center\",\"title_element\":\"div\",\"title_style\":\"h1\"}}]}]}]}],\"version\":\"4.3.12\"} --><\/p>","protected":false},"excerpt":{"rendered":"<p>Servicios de reformas Transformaciones de cuartos de ba\u00f1o que Inspiran y Funcionan En Gomo Interiorismo, nos dedicamos a proporcionar servicios de reforma de alta calidad en Valencia y alrededores. Con m\u00e1s de 30 a\u00f1os de experiencia, somos especialistas en adaptar cada proyecto a las necesidades \u00fanicas de nuestros clientes, garantizando resultados impresionantes y duraderos. Si [&hellip;]<\/p>","protected":false},"author":1,"featured_media":0,"parent":0,"menu_order":0,"comment_status":"closed","ping_status":"closed","template":"","meta":{"_acf_changed":false,"footnotes":""},"class_list":["post-1404","page","type-page","status-publish","hentry"],"acf":[],"yoast_head":"<!-- This site is optimized with the Yoast SEO plugin v25.7 - https:\/\/yoast.com\/wordpress\/plugins\/seo\/ -->\n<title>Reforma armarios empotrados - GOMO Interiorismo<\/title>\n<meta name=\"robots\" content=\"index, follow, max-snippet:-1, max-image-preview:large, max-video-preview:-1\" \/>\n<link rel=\"canonical\" href=\"https:\/\/gomointeriorismo.com\/en\/reforma-armarios-empotrados\/\" \/>\n<meta property=\"og:locale\" content=\"en_US\" \/>\n<meta property=\"og:type\" content=\"article\" \/>\n<meta property=\"og:title\" content=\"Reforma armarios empotrados - GOMO Interiorismo\" \/>\n<meta property=\"og:description\" content=\"Servicios de reformas Transformaciones de cuartos de ba\u00f1o que Inspiran y Funcionan En Gomo Interiorismo, nos dedicamos a proporcionar servicios de reforma de alta calidad en Valencia y alrededores. Con m\u00e1s de 30 a\u00f1os de experiencia, somos especialistas en adaptar cada proyecto a las necesidades \u00fanicas de nuestros clientes, garantizando resultados impresionantes y duraderos. Si [&hellip;]\" \/>\n<meta property=\"og:url\" content=\"https:\/\/gomointeriorismo.com\/en\/reforma-armarios-empotrados\/\" \/>\n<meta property=\"og:site_name\" content=\"GOMO Interiorismo\" \/>\n<meta property=\"article:modified_time\" content=\"2024-04-23T16:11:54+00:00\" \/>\n<meta name=\"twitter:card\" content=\"summary_large_image\" \/>\n<meta name=\"twitter:label1\" content=\"Est. reading time\" \/>\n\t<meta name=\"twitter:data1\" content=\"1 minute\" \/>\n<script type=\"application\/ld+json\" class=\"yoast-schema-graph\">{\"@context\":\"https:\/\/schema.org\",\"@graph\":[{\"@type\":\"WebPage\",\"@id\":\"https:\/\/gomointeriorismo.com\/reforma-armarios-empotrados\/\",\"url\":\"https:\/\/gomointeriorismo.com\/reforma-armarios-empotrados\/\",\"name\":\"Reforma armarios empotrados - GOMO Interiorismo\",\"isPartOf\":{\"@id\":\"https:\/\/gomointeriorismo.com\/#website\"},\"datePublished\":\"2024-04-23T10:35:59+00:00\",\"dateModified\":\"2024-04-23T16:11:54+00:00\",\"breadcrumb\":{\"@id\":\"https:\/\/gomointeriorismo.com\/reforma-armarios-empotrados\/#breadcrumb\"},\"inLanguage\":\"en-US\",\"potentialAction\":[{\"@type\":\"ReadAction\",\"target\":[\"https:\/\/gomointeriorismo.com\/reforma-armarios-empotrados\/\"]}]},{\"@type\":\"BreadcrumbList\",\"@id\":\"https:\/\/gomointeriorismo.com\/reforma-armarios-empotrados\/#breadcrumb\",\"itemListElement\":[{\"@type\":\"ListItem\",\"position\":1,\"name\":\"Portada\",\"item\":\"https:\/\/gomointeriorismo.com\/\"},{\"@type\":\"ListItem\",\"position\":2,\"name\":\"Reforma armarios empotrados\"}]},{\"@type\":\"WebSite\",\"@id\":\"https:\/\/gomointeriorismo.com\/#website\",\"url\":\"https:\/\/gomointeriorismo.com\/\",\"name\":\"GOMO Interiorismo\",\"description\":\"\",\"publisher\":{\"@id\":\"https:\/\/gomointeriorismo.com\/#organization\"},\"potentialAction\":[{\"@type\":\"SearchAction\",\"target\":{\"@type\":\"EntryPoint\",\"urlTemplate\":\"https:\/\/gomointeriorismo.com\/?s={search_term_string}\"},\"query-input\":{\"@type\":\"PropertyValueSpecification\",\"valueRequired\":true,\"valueName\":\"search_term_string\"}}],\"inLanguage\":\"en-US\"},{\"@type\":\"Organization\",\"@id\":\"https:\/\/gomointeriorismo.com\/#organization\",\"name\":\"GOMO Interiorismo\",\"url\":\"https:\/\/gomointeriorismo.com\/\",\"logo\":{\"@type\":\"ImageObject\",\"inLanguage\":\"en-US\",\"@id\":\"https:\/\/gomointeriorismo.com\/#\/schema\/logo\/image\/\",\"url\":\"https:\/\/gomointeriorismo.com\/wp-content\/uploads\/apple-touch-icon.png\",\"contentUrl\":\"https:\/\/gomointeriorismo.com\/wp-content\/uploads\/apple-touch-icon.png\",\"width\":180,\"height\":180,\"caption\":\"GOMO Interiorismo\"},\"image\":{\"@id\":\"https:\/\/gomointeriorismo.com\/#\/schema\/logo\/image\/\"}}]}<\/script>\n<!-- \/ Yoast SEO plugin. -->","yoast_head_json":{"title":"Reforma armarios empotrados - GOMO Interiorismo","robots":{"index":"index","follow":"follow","max-snippet":"max-snippet:-1","max-image-preview":"max-image-preview:large","max-video-preview":"max-video-preview:-1"},"canonical":"https:\/\/gomointeriorismo.com\/en\/reforma-armarios-empotrados\/","og_locale":"en_US","og_type":"article","og_title":"Reforma armarios empotrados - GOMO Interiorismo","og_description":"Servicios de reformas Transformaciones de cuartos de ba\u00f1o que Inspiran y Funcionan En Gomo Interiorismo, nos dedicamos a proporcionar servicios de reforma de alta calidad en Valencia y alrededores. Con m\u00e1s de 30 a\u00f1os de experiencia, somos especialistas en adaptar cada proyecto a las necesidades \u00fanicas de nuestros clientes, garantizando resultados impresionantes y duraderos. Si [&hellip;]","og_url":"https:\/\/gomointeriorismo.com\/en\/reforma-armarios-empotrados\/","og_site_name":"GOMO Interiorismo","article_modified_time":"2024-04-23T16:11:54+00:00","twitter_card":"summary_large_image","twitter_misc":{"Est. reading time":"1 minute"},"schema":{"@context":"https:\/\/schema.org","@graph":[{"@type":"WebPage","@id":"https:\/\/gomointeriorismo.com\/reforma-armarios-empotrados\/","url":"https:\/\/gomointeriorismo.com\/reforma-armarios-empotrados\/","name":"Reforma armarios empotrados - GOMO Interiorismo","isPartOf":{"@id":"https:\/\/gomointeriorismo.com\/#website"},"datePublished":"2024-04-23T10:35:59+00:00","dateModified":"2024-04-23T16:11:54+00:00","breadcrumb":{"@id":"https:\/\/gomointeriorismo.com\/reforma-armarios-empotrados\/#breadcrumb"},"inLanguage":"en-US","potentialAction":[{"@type":"ReadAction","target":["https:\/\/gomointeriorismo.com\/reforma-armarios-empotrados\/"]}]},{"@type":"BreadcrumbList","@id":"https:\/\/gomointeriorismo.com\/reforma-armarios-empotrados\/#breadcrumb","itemListElement":[{"@type":"ListItem","position":1,"name":"Portada","item":"https:\/\/gomointeriorismo.com\/"},{"@type":"ListItem","position":2,"name":"Reforma armarios empotrados"}]},{"@type":"WebSite","@id":"https:\/\/gomointeriorismo.com\/#website","url":"https:\/\/gomointeriorismo.com\/","name":"GOMO Interior Design","description":"","publisher":{"@id":"https:\/\/gomointeriorismo.com\/#organization"},"potentialAction":[{"@type":"SearchAction","target":{"@type":"EntryPoint","urlTemplate":"https:\/\/gomointeriorismo.com\/?s={search_term_string}"},"query-input":{"@type":"PropertyValueSpecification","valueRequired":true,"valueName":"search_term_string"}}],"inLanguage":"en-US"},{"@type":"Organization","@id":"https:\/\/gomointeriorismo.com\/#organization","name":"GOMO Interior Design","url":"https:\/\/gomointeriorismo.com\/","logo":{"@type":"ImageObject","inLanguage":"en-US","@id":"https:\/\/gomointeriorismo.com\/#\/schema\/logo\/image\/","url":"https:\/\/gomointeriorismo.com\/wp-content\/uploads\/apple-touch-icon.png","contentUrl":"https:\/\/gomointeriorismo.com\/wp-content\/uploads\/apple-touch-icon.png","width":180,"height":180,"caption":"GOMO Interiorismo"},"image":{"@id":"https:\/\/gomointeriorismo.com\/#\/schema\/logo\/image\/"}}]}},"_links":{"self":[{"href":"https:\/\/gomointeriorismo.com\/en\/wp-json\/wp\/v2\/pages\/1404","targetHints":{"allow":["GET"]}}],"collection":[{"href":"https:\/\/gomointeriorismo.com\/en\/wp-json\/wp\/v2\/pages"}],"about":[{"href":"https:\/\/gomointeriorismo.com\/en\/wp-json\/wp\/v2\/types\/page"}],"author":[{"embeddable":true,"href":"https:\/\/gomointeriorismo.com\/en\/wp-json\/wp\/v2\/users\/1"}],"replies":[{"embeddable":true,"href":"https:\/\/gomointeriorismo.com\/en\/wp-json\/wp\/v2\/comments?post=1404"}],"version-history":[{"count":2,"href":"https:\/\/gomointeriorismo.com\/en\/wp-json\/wp\/v2\/pages\/1404\/revisions"}],"predecessor-version":[{"id":1417,"href":"https:\/\/gomointeriorismo.com\/en\/wp-json\/wp\/v2\/pages\/1404\/revisions\/1417"}],"wp:attachment":[{"href":"https:\/\/gomointeriorismo.com\/en\/wp-json\/wp\/v2\/media?parent=1404"}],"curies":[{"name":"wp","href":"https:\/\/api.w.org\/{rel}","templated":true}]}}